{"id":1240,"date":"2015-03-04T15:58:15","date_gmt":"2015-03-04T13:58:15","guid":{"rendered":"http:\/\/www.gubcompany.com\/content\/?page_id=1240"},"modified":"2021-05-17T01:24:17","modified_gmt":"2021-05-16T23:24:17","slug":"dating-mr-bad-guy-2","status":"publish","type":"page","link":"http:\/\/www.gubcompany.com\/content\/?page_id=1240","title":{"rendered":"Dating Mr. Bad Guy"},"content":{"rendered":"<p><iframe loading=\"lazy\" title=\"DATING MR. BAD GUY PICS\" src=\"https:\/\/player.vimeo.com\/video\/137753225?dnt=1&amp;app_id=122963\" width=\"500\" height=\"375\" frameborder=\"0\" allow=\"autoplay; fullscreen; picture-in-picture; clipboard-write; encrypted-media\"><\/iframe><\/p>\n<p><iframe loading=\"lazy\" title=\"DATING MR. BAD GUY\" src=\"https:\/\/player.vimeo.com\/video\/135701107?dnt=1&amp;app_id=122963\" width=\"500\" height=\"281\" frameborder=\"0\" allow=\"autoplay; fullscreen; picture-in-picture; clipboard-write; encrypted-media\"><\/iframe><\/p>\n<p><a href=\"http:\/\/www.gubcompany.com\/content\/wp-content\/uploads\/2015\/03\/p8.jpg\"><img loading=\"lazy\" decoding=\"async\" class=\"alignnone size-medium wp-image-1361\" src=\"http:\/\/www.gubcompany.com\/content\/wp-content\/uploads\/2015\/03\/p8-219x300.jpg\" alt=\"p8\" width=\"219\" height=\"300\" srcset=\"http:\/\/www.gubcompany.com\/content\/wp-content\/uploads\/2015\/03\/p8-219x300.jpg 219w, http:\/\/www.gubcompany.com\/content\/wp-content\/uploads\/2015\/03\/p8-747x1024.jpg 747w, http:\/\/www.gubcompany.com\/content\/wp-content\/uploads\/2015\/03\/p8.jpg 773w\" sizes=\"auto, (max-width: 219px) 100vw, 219px\" \/><\/a><a href=\"http:\/\/www.gubcompany.com\/content\/wp-content\/uploads\/2015\/03\/DSC0375.jpg\"><img loading=\"lazy\" decoding=\"async\" class=\"alignnone size-medium wp-image-1357\" src=\"http:\/\/www.gubcompany.com\/content\/wp-content\/uploads\/2015\/03\/DSC0375-200x300.jpg\" alt=\"_DSC0375\" width=\"200\" height=\"300\" srcset=\"http:\/\/www.gubcompany.com\/content\/wp-content\/uploads\/2015\/03\/DSC0375-200x300.jpg 200w, http:\/\/www.gubcompany.com\/content\/wp-content\/uploads\/2015\/03\/DSC0375-684x1024.jpg 684w, http:\/\/www.gubcompany.com\/content\/wp-content\/uploads\/2015\/03\/DSC0375.jpg 789w\" sizes=\"auto, (max-width: 200px) 100vw, 200px\" \/><\/a><a href=\"http:\/\/www.gubcompany.com\/content\/wp-content\/uploads\/2015\/03\/p3.jpg\"><img loading=\"lazy\" decoding=\"async\" class=\"alignnone size-medium wp-image-1363\" src=\"http:\/\/www.gubcompany.com\/content\/wp-content\/uploads\/2015\/03\/p3-242x300.jpg\" alt=\"p3\" width=\"242\" height=\"300\" srcset=\"http:\/\/www.gubcompany.com\/content\/wp-content\/uploads\/2015\/03\/p3-242x300.jpg 242w, http:\/\/www.gubcompany.com\/content\/wp-content\/uploads\/2015\/03\/p3.jpg 789w\" sizes=\"auto, (max-width: 242px) 100vw, 242px\" \/><\/a><br \/>\n<a href=\"http:\/\/vimeo.com\/home\/myvideos\/sort:date\/format:video\">http:\/\/vimeo.com\/home\/myvideos\/sort:date\/format:Video<\/a><\/p>\n<p>25.11.2015<\/p>\n<h2>Gelungenes Jugendtheaterst\u00fcck von GUBCOMPANY<br \/>\nim Theater Pavillon Luzern<\/h2>\n<p>Pubert\u00e4t, Umbau oder Neubehausung! Auf jeden Fall ist diese Lebensphase gepr\u00e4gt durch Selbstfindung und grosse Irritationen.Die Komplexit\u00e4t der Pubert\u00e4t f\u00fcr Jugendliche szenisch glaubhaft darzustellen ist eine grosse Herausforderung. Es ist eine Kunst, eine gute Mitte zu finden zwischen denjenigen, welche sich mit Pornos, Ballergames oder anderen Internetforen gut auskennen und jenen, welche davon nichts wissen wollen. Ist es \u00fcberhaupt m\u00f6glich, die Jugendlichen in unserer sexualisierten Welt noch zu ber\u00fchren?<br \/>\nDer Truppe der GUBCOMPANY ist dies in hohem Masse gelungen. Das Feld unterschiedlichster Emotionen zwischen H\u00f6henfl\u00fcgen und Abst\u00fcrzen wird durch die beiden Protagonisten gut ausgeleuchtet und zeigt deutlich, dass alles was ausserhalb der Verliebtheit seine G\u00fcltigkeit hat, pl\u00f6tzlich nicht mehr relevant ist.Mit einem einfachen B\u00fchnenbild und dem eindr\u00fccklichen Einsatz von Ton und Licht wird das Publikum nicht nur inhaltlich, sondern auch atmosph\u00e4risch in seinen Bann gezogen. Gleich wie in der Pubert\u00e4t ist der Verlauf der Geschichte nicht vorhersehbar und l\u00e4dt ein zum Mitdenken, so auch der offene Schluss des St\u00fcckes. Ohne Anbiederung, jedoch mit einer hohen Sensibilit\u00e4t wird die Sprache der Jugendlichen eingesetzt.<br \/>\n<strong>Das St\u00fcck eignet sich meiner Meinung nach vorz\u00fcglich f\u00fcr die Altersgruppe ab 14 Jahren und bietet innerhalb des Unterrichts viele M\u00f6glichkeiten, Tabuthemen zu thematisieren.<br \/>\n<\/strong>Katharina Baer, Lehrerin Sek.I\u00a0\/ Sexualp\u00e4dagogin HSLU<\/p>\n<p>&#8222;Ich fand die Inszenierung hervorragend, sehr ber\u00fchrend und die Schauspieler haben ausgesprochen gut gespielt. Die Umsetzung dieses schwierigen Themas habt ihr sehr sensibel und kreativ dargestellt. Ich bin begeistert!&#8220;<br \/>\nBereichsleiterin Schule&amp;Ausbildung und Mutter<\/p>\n<p><strong>Dating Mr. Bad Guy<\/strong><br \/>\nEine szenische Installation f\u00fcr ein junges Publikum<br \/>\n<strong>PREMIERE: MITTWOCH, 6. MAI 20:15 h, JUGENDKULTURHAUS DYNAMO Z\u00dcRICH, GROSSER SAAL<\/strong><\/p>\n<p>Wer bin ich? Diese uralte Frage, die vor allem in der Adoleszenz dr\u00e4ngend und heute im Zeitalter des Web 2.0 allgegenw\u00e4rtig ist, steht im Zentrum dieser neuen Recherche der Gubcompany. Was ist mein Ich? Wer bin ich im Netz und wer bin ich wirklich, und wenn ich jemanden kennenlerne, wer ist es dann? Das virtuelle Ich oder das wirkliche Ich? Gibt es hier noch einen Unterschied oder sind die Grenzen fliessend? Wenn ich mir eine Waffe besorge, ist die wirklich oder ist diese nur virtuell? Wenn ich damit spiele, bleibt das immer Spiel? Next level? Und wie ist das im wirklichen Leben?<br \/>\nZwei junge Menschen lernen sich kennen. Jana sehnt sich nach einem Ausbruch aus ihrer scheinbar beh\u00fcteten Welt. Kevin hingegen versucht sich den bedr\u00e4ngenden Alltagsproblemen als Handyverk\u00e4ufer Lehrling in virtuellen Spielen zu entziehen. Beide f\u00fchlen sich voneinander angezogen, aber beide sp\u00fcren auch, dass sie zwei \u201eK\u00f6nigskinder\u201c sind, die nicht zu einander kommen k\u00f6nnen.<br \/>\n<strong>\u201eDating Mr. Bad Guy&#8220;<\/strong> erz\u00e4hlt von jungen Menschen, die ihr eigenes Ich in der Begegnung mit dem Anderen zu finden versuchen. Sie sind dabei gepr\u00e4gt von ihren Erfahrungen mit der virtuellen Welt, von Helden Bildern, von Aggression und Gewalt. Wie wirkt das in die reale Beziehung hinein? Gelingt es, sich gegenseitig zu respektieren, oder kommt es zu gewaltt\u00e4tigen \u00dcbergriffen?<br \/>\n<strong>\u201eDating Mr. Bad Guy&#8220;<\/strong> ist auch eine Geschichte \u00fcber das Fremdsein in einer Welt, in der die Grenzen zwischen Virtualit\u00e4t und Realit\u00e4t verschwinden.<br \/>\n<strong>\u201eDating Mr. Bad Guy\u201c<\/strong> ist eine szenische Installation in der Live Stream, Bilder und szenische Vorg\u00e4nge in einer Gesamtheit verschmelzen. Mit \u201eDating Mr. Bad Guy\u201c setzt Gubcompany ihre experimentellen Forschungen im Bereich Spiel und Video auf einer ganz neuen Ebene fort.<\/p>\n<p>Text: Christine Rinderknecht | Realisation: Heinz Gubler, Christine Rinderknecht, Manfred Jahnke | Video\/Sound: Heinz Gubler | Spiel: Olivia Stutz, Flavio dal Molin | Videotechnik: Cristian Zehnder | Kost\u00fcm: Marion Steiner | Visuals: Mik Gruber | Produktion und Tour: Roland Amrein<strong><br \/>\n<\/strong><br \/>\n<strong>\u00dcBER DIE INSZENIERUNG<\/strong><br \/>\nAm Anfang standen Presseberichte. Sie erz\u00e4hlten Geschichten von jungen Menschen, die sich kennen und lieben lernen. Aber dann eines Tages, eigentlich meistens nachts, fallen Sch\u00fcsse.<br \/>\nWarum muss eine junge Frau sterben? Warum kommt es zu diesen \u00dcbergriffigkeiten in einem Lebensabschnitt, der dadurch gepr\u00e4gt wird, dass hier junge Menschen noch um ihre Identit\u00e4t ringen? Gekr\u00e4nkter Narzi\u00dfmus, mangelnder Respekt vor dem Anderen, Angst vor dem Allein- und\/oder Fremdsein?<br \/>\nPsychologische Fragen gibt es viele, aber helfen sie, helfen sie vor allen Dingen, k\u00fcnftige \u00dcbergriffigkeiten zu verhindern? Wir haben uns daf\u00fcr entschieden, eine Geschichte zu erz\u00e4hlen, die von Vorg\u00e4ngen berichtet, psychologische Motivierungen aber der Entdeckungslust des Publikums \u00fcberl\u00e4sst. Immer wieder hat sich das Produktionsteam getroffen, das Thema in allen Richtungen diskutiert, Problemfelder formuliert, m\u00f6gliche Schwerpunkte gesetzt. Gemeinsam entwickelte man Erz\u00e4hlungen mit ganz unterschiedlichen Handlungsstrukturen, um sie wieder zu verwerfen und neue zu erforschen. Dabei stand immer wieder die Frage im Mittelpunkt, welches sind denn die Faktoren, die heute entscheidend die Sozialisation von jungen Menschen pr\u00e4gen?<br \/>\nEin gewichtiger Punkt erschien uns dabei nicht nur, wie junge M\u00e4nner vor jungen Frauen posen, oder was sich hinter diesem Posen f\u00fcr Vorg\u00e4nge verbergen, sondern mehr noch das Leben in der Virtualit\u00e4t. Facebook, Chatten, Computer- und Ego-Shooter-Spiele, in der hemmungslos in der 3D-Dimension \u201eMenschen\u201c abgeknallt werden: \u201eAlles ist doch nur ein Spiel\u201c hei\u00dft es im jetzigen St\u00fccktext. Aber, wo sich Realit\u00e4t und Virtualit\u00e4t vermischen, Wirklichkeit und Fiktion nicht mehr auseinandergehalten werden k\u00f6nnen, da bewegt sich der seine Identit\u00e4t suchende junge Mensch in einem Bereich, wo sich alles seiner Macht unterordnet. Eine Gegenwelt der Tr\u00e4ume und Fiktionen entsteht, die mit den Alltagserfahrungen nicht mehr in Einklang gebracht werden kann. Es entschwindet damit auch der Respekt vor dem Anderen. Es fehlt das Gef\u00fchl f\u00fcr Situationen, in denen das SPIEL in Wirklichkeit umschl\u00e4gt.<br \/>\nIn der Auseinandersetzung mit dem SPIELEN zwischen Realit\u00e4t und Virtualit\u00e4t haben wir schlie\u00dflich unsere Geschichte gefunden. SIE Gymnasiastin, ER, Lehrling in einem Handyshop, leben in ihren eigenen Parallelwerten. Er tr\u00e4umt mit Ironman von sexuellen Obsessionen und \u00fcbermenschlicher St\u00e4rke, um seinen Alltag zu vergessen, aber auch, um alte Traumata aufzuarbeiten. Sie boxt, hat eine enge Freundin, wei\u00df aber noch wenig mit sich anzufangen. Facebook und Videos sind Teil ihrer Wirklichkeit. SIE spielt mit dem Feuer. Erst, als ER mit einer Pistole seine m\u00e4nnliche Omnipotenz zu demonstrieren versucht, steigt sie scheinbar aus. Wie es weiter geht?<br \/>\nUnbestritten entwickeln die Bilder der virtuellen Welten eine gro\u00dfe Faszination. Sie zu negieren, w\u00e4re fahrl\u00e4ssig. So entstand die Idee, diese Geschichte in Form einer szenischen Installation zu entwickeln, bei der nicht nur die beiden Darsteller, sondern auch zwei Techniker die B\u00fchne immer wieder neu herrichten. Auf vier bewegliche Screens werden live Bilder gestreamt oder vorproduzierte Videofilme eingespielt: so kann der Zuschauer st\u00e4ndig betrachten, wie die gerade gespielte Szene sich auf den Installationsw\u00e4nden spiegelt, ver\u00e4ndert, einzelne Details hervorgehoben werden und sich ganz neue Kontexte ergeben. Zwei fahrbare Scheinwerfer und zwei ebenfalls nicht statisch gehandhabte Kameras sorgen f\u00fcr schnelle Wechsel, dazu schafft ein eigener Sound Orientierung. Schnelle Bilder werden mit der Langsamkeit des Theaters konfrontiert, was auch bedeutet, dass jeder Zuschauer seine eigenen Bilder und Fragen finden kann.<br \/>\nDiese szenische Installation scheint eine Studio-Atmosph\u00e4re widerzuspiegeln, aber dieses Experiment zielt nicht auf Studio, selbst, wenn die Machbarkeit von Bildern im Prozess der Gleichzeitigkeit ausgedr\u00fcckt werden kann. Es ist eine Installation, was auch eine gewisse Einmaligkeit beinhaltet: Sie bleibt Improvisation und \u00e4ndert sich damit von Auff\u00fchrung zu Auff\u00fchrung. Ein k\u00fcnstlerisches Experiment in jeder Hinsicht, dass die Bildwelten von jungen Menschen mit dem Erz\u00e4hlen von Geschichten im Medium des Theaterspiels vernetzt, dabei Fragen aufwirft und dem jungen Publikum die M\u00f6glichkeit gibt, aus seinen Erfahrungen heraus m\u00f6gliche Antworten zu finden.<br \/>\n<em>Dr. Manfred Jahnke<\/em><\/p>\n<p><a href=\"http:\/\/www.gubcompany.com\/content\/wp-content\/uploads\/2015\/03\/p22.jpg\"><img loading=\"lazy\" decoding=\"async\" class=\"alignnone size-medium wp-image-1353\" src=\"http:\/\/www.gubcompany.com\/content\/wp-content\/uploads\/2015\/03\/p22-300x225.jpg\" alt=\"p22\" width=\"300\" height=\"225\" srcset=\"http:\/\/www.gubcompany.com\/content\/wp-content\/uploads\/2015\/03\/p22-300x225.jpg 300w, http:\/\/www.gubcompany.com\/content\/wp-content\/uploads\/2015\/03\/p22.jpg 337w\" sizes=\"auto, (max-width: 300px) 100vw, 300px\" \/><\/a><a href=\"http:\/\/www.gubcompany.com\/content\/wp-content\/uploads\/2015\/03\/p25.jpg\"><img loading=\"lazy\" decoding=\"async\" class=\"alignnone wp-image-1390\" src=\"http:\/\/www.gubcompany.com\/content\/wp-content\/uploads\/2015\/03\/p25-300x139.jpg\" alt=\"p2\" width=\"376\" height=\"174\" srcset=\"http:\/\/www.gubcompany.com\/content\/wp-content\/uploads\/2015\/03\/p25-300x139.jpg 300w, http:\/\/www.gubcompany.com\/content\/wp-content\/uploads\/2015\/03\/p25-1024x475.jpg 1024w, http:\/\/www.gubcompany.com\/content\/wp-content\/uploads\/2015\/03\/p25-980x457.jpg 980w, http:\/\/www.gubcompany.com\/content\/wp-content\/uploads\/2015\/03\/p25-750x350.jpg 750w\" sizes=\"auto, (max-width: 376px) 100vw, 376px\" \/><\/a><\/p>\n","protected":false},"excerpt":{"rendered":"<p>http:\/\/vimeo.com\/home\/myvideos\/sort:date\/format:Video 25.11.2015 Gelungenes Jugendtheaterst\u00fcck von GUBCOMPANY im Theater Pavillon Luzern Pubert\u00e4t, Umbau oder Neubehausung! Auf jeden Fall ist diese Lebensphase gepr\u00e4gt durch Selbstfindung und grosse Irritationen.Die Komplexit\u00e4t der Pubert\u00e4t f\u00fcr Jugendliche szenisch glaubhaft darzustellen ist eine grosse Herausforderung. Es ist eine Kunst, eine gute Mitte zu finden zwischen denjenigen, welche sich mit Pornos, Ballergames oder [&hellip;]<\/p>\n","protected":false},"author":4,"featured_media":0,"parent":5,"menu_order":3,"comment_status":"open","ping_status":"open","template":"","meta":{"footnotes":""},"class_list":["post-1240","page","type-page","status-publish","hentry"],"_links":{"self":[{"href":"http:\/\/www.gubcompany.com\/content\/index.php?rest_route=\/wp\/v2\/pages\/1240","targetHints":{"allow":["GET"]}}],"collection":[{"href":"http:\/\/www.gubcompany.com\/content\/index.php?rest_route=\/wp\/v2\/pages"}],"about":[{"href":"http:\/\/www.gubcompany.com\/content\/index.php?rest_route=\/wp\/v2\/types\/page"}],"author":[{"embeddable":true,"href":"http:\/\/www.gubcompany.com\/content\/index.php?rest_route=\/wp\/v2\/users\/4"}],"replies":[{"embeddable":true,"href":"http:\/\/www.gubcompany.com\/content\/index.php?rest_route=%2Fwp%2Fv2%2Fcomments&post=1240"}],"version-history":[{"count":86,"href":"http:\/\/www.gubcompany.com\/content\/index.php?rest_route=\/wp\/v2\/pages\/1240\/revisions"}],"predecessor-version":[{"id":1705,"href":"http:\/\/www.gubcompany.com\/content\/index.php?rest_route=\/wp\/v2\/pages\/1240\/revisions\/1705"}],"up":[{"embeddable":true,"href":"http:\/\/www.gubcompany.com\/content\/index.php?rest_route=\/wp\/v2\/pages\/5"}],"wp:attachment":[{"href":"http:\/\/www.gubcompany.com\/content\/index.php?rest_route=%2Fwp%2Fv2%2Fmedia&parent=1240"}],"curies":[{"name":"wp","href":"https:\/\/api.w.org\/{rel}","templated":true}]}}