{"id":2012,"date":"2020-02-21T13:49:40","date_gmt":"2020-02-21T11:49:40","guid":{"rendered":"http:\/\/www.gubcompany.com\/content\/?page_id=2012"},"modified":"2021-09-06T22:04:49","modified_gmt":"2021-09-06T20:04:49","slug":"v-e-r-c-h-e-h-r-t","status":"publish","type":"page","link":"http:\/\/www.gubcompany.com\/content\/?page_id=2012","title":{"rendered":"V E R C H E E R T"},"content":{"rendered":"\n<p><a rel=\"noreferrer noopener\" href=\"http:\/\/www.gubcompany.com\/content\/wp-content\/uploads\/2021\/05\/Spiel-und-Arbeitsmaterial-fuer-Schulklassen.pdf\" data-type=\"URL\" data-id=\"http:\/\/www.gubcompany.com\/content\/wp-content\/uploads\/2021\/05\/Spiel-und-Arbeitsmaterial-fuer-Schulklassen.pdf\" target=\"_blank\">Spiel- und Arbeitsmaterialien f\u00fcr Schulklassen (PDF)<\/a><\/p>\n\n\n\n<figure class=\"wp-block-embed is-type-video is-provider-vimeo wp-block-embed-vimeo wp-embed-aspect-16-9 wp-has-aspect-ratio\"><div class=\"wp-block-embed__wrapper\">\n<iframe loading=\"lazy\" title=\"VERCHEERT CLIP\" src=\"https:\/\/player.vimeo.com\/video\/561275911?dnt=1&amp;app_id=122963\" width=\"500\" height=\"281\" frameborder=\"0\" allow=\"autoplay; fullscreen; picture-in-picture; clipboard-write; encrypted-media\"><\/iframe>\n<\/div><\/figure>\n\n\n\n<figure class=\"wp-block-embed is-type-video is-provider-vimeo wp-block-embed-vimeo wp-embed-aspect-16-9 wp-has-aspect-ratio\"><div class=\"wp-block-embed__wrapper\">\n<iframe loading=\"lazy\" title=\"CLIP VERCHEERT\" src=\"https:\/\/player.vimeo.com\/video\/560557126?dnt=1&amp;app_id=122963\" width=\"500\" height=\"281\" frameborder=\"0\" allow=\"autoplay; fullscreen; picture-in-picture; clipboard-write; encrypted-media\"><\/iframe>\n<\/div><\/figure>\n\n\n\n<figure class=\"wp-block-image size-large\"><a href=\"http:\/\/www.gubcompany.com\/content\/wp-content\/uploads\/2021\/05\/VERCHEERT-2.jpg\"><img loading=\"lazy\" decoding=\"async\" width=\"1024\" height=\"546\" src=\"http:\/\/www.gubcompany.com\/content\/wp-content\/uploads\/2021\/05\/VERCHEERT-2-1024x546.jpg\" alt=\"\" class=\"wp-image-2466\" srcset=\"http:\/\/www.gubcompany.com\/content\/wp-content\/uploads\/2021\/05\/VERCHEERT-2-1024x546.jpg 1024w, http:\/\/www.gubcompany.com\/content\/wp-content\/uploads\/2021\/05\/VERCHEERT-2-300x160.jpg 300w, http:\/\/www.gubcompany.com\/content\/wp-content\/uploads\/2021\/05\/VERCHEERT-2-768x410.jpg 768w, http:\/\/www.gubcompany.com\/content\/wp-content\/uploads\/2021\/05\/VERCHEERT-2-1536x819.jpg 1536w, http:\/\/www.gubcompany.com\/content\/wp-content\/uploads\/2021\/05\/VERCHEERT-2.jpg 1611w\" sizes=\"auto, (max-width: 1024px) 100vw, 1024px\" \/><\/a><\/figure>\n\n\n\n<figure class=\"wp-block-image size-large\"><a href=\"http:\/\/www.gubcompany.com\/content\/wp-content\/uploads\/2021\/05\/VERCHEERT-4.jpg\"><img loading=\"lazy\" decoding=\"async\" width=\"1024\" height=\"591\" src=\"http:\/\/www.gubcompany.com\/content\/wp-content\/uploads\/2021\/05\/VERCHEERT-4-1024x591.jpg\" alt=\"\" class=\"wp-image-2465\" srcset=\"http:\/\/www.gubcompany.com\/content\/wp-content\/uploads\/2021\/05\/VERCHEERT-4-1024x591.jpg 1024w, http:\/\/www.gubcompany.com\/content\/wp-content\/uploads\/2021\/05\/VERCHEERT-4-300x173.jpg 300w, http:\/\/www.gubcompany.com\/content\/wp-content\/uploads\/2021\/05\/VERCHEERT-4-768x444.jpg 768w, http:\/\/www.gubcompany.com\/content\/wp-content\/uploads\/2021\/05\/VERCHEERT-4-1536x887.jpg 1536w, http:\/\/www.gubcompany.com\/content\/wp-content\/uploads\/2021\/05\/VERCHEERT-4.jpg 1565w\" sizes=\"auto, (max-width: 1024px) 100vw, 1024px\" \/><\/a><\/figure>\n\n\n\n<figure class=\"wp-block-image size-large\"><a href=\"http:\/\/www.gubcompany.com\/content\/wp-content\/uploads\/2021\/05\/VERCHEERT-5-scaled.jpg\"><img loading=\"lazy\" decoding=\"async\" width=\"1024\" height=\"672\" src=\"http:\/\/www.gubcompany.com\/content\/wp-content\/uploads\/2021\/05\/VERCHEERT-5-1024x672.jpg\" alt=\"\" class=\"wp-image-2464\" srcset=\"http:\/\/www.gubcompany.com\/content\/wp-content\/uploads\/2021\/05\/VERCHEERT-5-1024x672.jpg 1024w, http:\/\/www.gubcompany.com\/content\/wp-content\/uploads\/2021\/05\/VERCHEERT-5-300x197.jpg 300w, http:\/\/www.gubcompany.com\/content\/wp-content\/uploads\/2021\/05\/VERCHEERT-5-768x504.jpg 768w, http:\/\/www.gubcompany.com\/content\/wp-content\/uploads\/2021\/05\/VERCHEERT-5-1536x1008.jpg 1536w, http:\/\/www.gubcompany.com\/content\/wp-content\/uploads\/2021\/05\/VERCHEERT-5-2048x1344.jpg 2048w\" sizes=\"auto, (max-width: 1024px) 100vw, 1024px\" \/><\/a><\/figure>\n\n\n\n<figure class=\"wp-block-image size-large\"><a href=\"http:\/\/www.gubcompany.com\/content\/wp-content\/uploads\/2021\/05\/VERCHEERT-3.jpg\"><img loading=\"lazy\" decoding=\"async\" width=\"1024\" height=\"683\" src=\"http:\/\/www.gubcompany.com\/content\/wp-content\/uploads\/2021\/05\/VERCHEERT-3-1024x683.jpg\" alt=\"\" class=\"wp-image-2463\" srcset=\"http:\/\/www.gubcompany.com\/content\/wp-content\/uploads\/2021\/05\/VERCHEERT-3-1024x683.jpg 1024w, http:\/\/www.gubcompany.com\/content\/wp-content\/uploads\/2021\/05\/VERCHEERT-3-300x200.jpg 300w, http:\/\/www.gubcompany.com\/content\/wp-content\/uploads\/2021\/05\/VERCHEERT-3-768x512.jpg 768w, http:\/\/www.gubcompany.com\/content\/wp-content\/uploads\/2021\/05\/VERCHEERT-3-1536x1025.jpg 1536w, http:\/\/www.gubcompany.com\/content\/wp-content\/uploads\/2021\/05\/VERCHEERT-3.jpg 1713w\" sizes=\"auto, (max-width: 1024px) 100vw, 1024px\" \/><\/a><\/figure>\n\n\n\n<figure class=\"wp-block-image size-large is-resized\"><img loading=\"lazy\" decoding=\"async\" src=\"http:\/\/www.gubcompany.com\/content\/wp-content\/uploads\/2021\/04\/vercheert-45_2_a-1-1024x864.jpg\" alt=\"\" class=\"wp-image-2372\" width=\"589\" height=\"496\" srcset=\"http:\/\/www.gubcompany.com\/content\/wp-content\/uploads\/2021\/04\/vercheert-45_2_a-1-1024x864.jpg 1024w, http:\/\/www.gubcompany.com\/content\/wp-content\/uploads\/2021\/04\/vercheert-45_2_a-1-300x253.jpg 300w, http:\/\/www.gubcompany.com\/content\/wp-content\/uploads\/2021\/04\/vercheert-45_2_a-1-768x648.jpg 768w\" sizes=\"auto, (max-width: 589px) 100vw, 589px\" \/><\/figure>\n\n\n<p class=\"western\"><span style=\"font-size: 14pt;\"><strong>\u00dcber das Entstehen und die Magie von Bilder, Licht und Schatten, Illusion und T\u00e4uschung <\/strong><\/span><strong><br \/><span style=\"font-size: 14pt;\">Eine Produktion von Gubcompany &amp; Cortis&amp;Sonderegger <u><a href=\"http:\/\/www.ohnetitel.ch\/\">www.ohnetitel.ch<\/a><\/u> \u2013 ab 6 Jahren<\/span><\/strong><\/p>\n<p><span style=\"font-size: 12pt; color: #000000;\"><b>Urauff\u00fchrung Samstag 15. Mai <\/b><b>2021 im Fabriktheater Rote Fabrik, Z\u00fcrich<\/b><\/span><\/p>\n<p><span style=\"font-size: 16pt;\"><strong>Was ist richtig? <\/strong><\/span><span style=\"font-size: 16pt;\"><strong>Wenn Bilder pl\u00f6tzlich Kopf stehen? <br \/><\/strong><\/span><span style=\"font-size: 16pt;\"><strong>Wenn sie pl\u00f6tzlich unscharf werden?<\/strong><\/span><\/p>\n<p style=\"text-align: left;\"><span style=\"font-size: 14pt;\"><strong>Idee<\/strong> Heinz Gubler <\/span><span style=\"font-size: 14pt;\"><strong>Konzept\/Regie\/Dramaturgie<\/strong> Christine Rinderknecht\/ Heinz Gubler und Ensemble <\/span><span style=\"font-size: 14pt;\"><strong>Live-Szenografie<\/strong> Adrian Sonderegger\/Jojakim Cortis &#8211; Fotografen des Jahres 2019<\/span><br \/><span style=\"font-size: 14pt;\"><strong>Performerinnen<\/strong> Vera Bommer, Maria Rebecca Sautter <strong>Produktionsleitung<\/strong> Roland Amrein <br \/><\/span><span style=\"font-size: 14pt;\"><strong>Licht<\/strong> Hansueli Tr\u00fcb <\/span><span style=\"font-size: 14pt;\"><strong>Theaterp\u00e4dagogik<\/strong> Pierina Bernetta <strong>Auge von aussen<\/strong> Benno Muheim<\/span><br \/><br \/><span style=\"font-size: 14pt;\">Eine grosse Kartonkiste, Klebeband, Bohrmaschine und Licht im Inneren der Kiste, Transparentpapier, ein Brillenglas, schon sehen wir ein projiziertes Bild, das auf dem Kopf steht. Im Inneren der Kiste steht die Welt scheinbar Kopf. Zwei Fotografen und zwei Performerinnen entwickeln auf der B\u00fchne ein irritierendes Spiel um die Fragen, was sehe ich, wenn ich sehe, was ist richtig \u2013 oder leben wir nicht die ganze Zeit in einer verkehrten Welt?<br \/><br \/><strong>Mit verschiedenen visuellen Experimenten wird auf der B\u00fchne das Sehen erforscht.<br \/>Verbl\u00fcffende Bilder entstehen. Es darf gestaunt werden.<\/strong><br \/><br \/>Vercheert, basiert auf einer Recherche BRICOLAGE im Fabrikpalast Aarau. Im Sommer 2019 hat Gubcompany das Z\u00fcrcher Fotografenduo Cortis&amp;Soneregger, TwoF2 aus Wien(Performance f\u00fcr Kinder und Jugendliche) und die Schauspielerin Maria Rebecca Sautter eingeladen, visuelle Experimente im Zusammenhang mit Performance zu untersuchen und auszuprobieren. Dabei entstand die Idee, mit einer Camera Obscura auf der B\u00fchne zu arbeiten. Eine Camera Obscura projiziert auf dem Kopf stehende Bilder, dieses Ph\u00e4nomen wurde titelgebend f\u00fcr die Produktion \u00abVercheert\u00bb.<\/span><\/p>\n<p>Mit freundlicher Unterst\u00fctzung von : Stadt Z\u00fcrich Kultur, Kanton Z\u00fcrich, Kulturstiftung des Kantons Thurgau, Ernst G\u00f6hner Stiftung, Stanley Thomas Johnson Stiftung<\/p>\n<p class=\"western\"><b>\u00ab<span style=\"color: #ff0000;\">WIE DIE WELT VON MORGEN AUSSEHEN WIRD, H\u00c4NGT IN GROSSEM MASS VON DER EINBILDUNGSKRAFT JENER AB, DIE GERADE JETZT LESEN LERNEN.\u00bb\u00a0\u00a0 <\/span><\/b><span style=\"color: #ff0000; font-size: 10pt;\"><b>Astrid Lindgren<\/b><\/span><\/p>\n<p><span style=\"font-size: 14pt;\"><strong>Team<\/strong><\/span><a name=\"_GoBack\"><\/a><b><br \/><a href=\"http:\/\/www.gubcompany.com\/content\/?page_id=124\">Gubcompany<\/a>:<\/b> <b>Christine Rinderknecht\/Heinz Gubler<\/b>: k\u00fcnstlerische Leitung; <b>Roland Amrein:<\/b> Produktionsleitung<a name=\"_Hlk31021919\"><\/a><\/p>\n<p><b>Jojakim Cortis &amp; Adrian Sonderegger, <\/b>Jojakim Cortis, geboren 1978 in Deutschland, und Adrian Sonderegger, geboren 1980 in der Schweiz, lernten sich an der Z\u00fcrcher Hochschule der K\u00fcnste in der Schweiz kennen. Beide haben Fotografie studiert und ihre Zusammenarbeit begann w\u00e4hrend des Unterrichts und dauert bis heute an. Seit ihrem Abschluss im Jahr 2006 haben sie als freie Fotografen und Dozierende f\u00fcr verschiedene Kunstschulen gearbeitet. Ihre Fotografien wurden in zahlreichen Ausstellungen im In- und Ausland gezeigt, ua am Festival \u00abImages\u00bb in Vevey (CH), im Museum Folkwang in Essen (D), Museum of Metropolitan Art (US), in der Fotostiftung Schweiz (CH) und im C \/ O Berlin (D). sowie auf Festivals in Frankreich, Polen, Schweden und China. Ihr Buch \u00abDouble Take\u00bb, welches sie 2018 ver\u00f6ffentlichten, wurde in englischer Sprache von Thames &amp; Hudson in Gro\u00dfbritannien und den USA, in deutscher Sprache von Lars M\u00fcller Publisher (CH) und in japanischer Sprache von Seigensha (JP) ver\u00f6ffentlicht. <span lang=\"en-US\">We began our collaborative work during our studies at ZHDK in 2005. Ever since, we have continued our collaboration. <\/span><br \/><span lang=\"en-US\">We conceive and manufacture surreal worlds in compositions of <\/span><span lang=\"fr-CH\">\u00ab<\/span><span lang=\"en-US\">staged<\/span><span lang=\"fr-CH\">\u00bb <\/span><span lang=\"en-US\">photography. <\/span><span style=\"color: #0563c1;\"><u><a href=\"http:\/\/www.ohnetitel.ch\/\">www.ohnetitel.ch<\/a><\/u><\/span><\/p>\n<p class=\"western\"><b><a href=\"http:\/\/www.gubcompany.com\/content\/wp-content\/uploads\/2020\/02\/180618-809j-kb-maria_rebecca_sautter-bis-2mb-1900px.jpg\"><img loading=\"lazy\" decoding=\"async\" class=\"wp-image-2064 alignleft\" src=\"http:\/\/www.gubcompany.com\/content\/wp-content\/uploads\/2020\/02\/180618-809j-kb-maria_rebecca_sautter-bis-2mb-1900px-200x300.jpg\" alt=\"\" width=\"113\" height=\"170\" srcset=\"http:\/\/www.gubcompany.com\/content\/wp-content\/uploads\/2020\/02\/180618-809j-kb-maria_rebecca_sautter-bis-2mb-1900px-200x300.jpg 200w, http:\/\/www.gubcompany.com\/content\/wp-content\/uploads\/2020\/02\/180618-809j-kb-maria_rebecca_sautter-bis-2mb-1900px.jpg 584w\" sizes=\"auto, (max-width: 113px) 100vw, 113px\" \/><\/a><\/b><br \/><b>Maria Rebecca Sautter<\/b>, Physical Actress (Schauspielerin, S\u00e4ngerin)In verschiedenen Produktionen in der freien Szene und am Theater Neumarkt zu sehen. u.a. 2017 Crisi di Nervi, Theater am Neumarkt, R. Jacques Palminger\/ Carsten Meyer, 2018 G\u00f6ttinnen des Pop, Theater Luzern, Julia Wissert. 2018 Karl Marx, das Kapital als Musical, Fabriktheater Rote Fabrik, Schr\u00f6der, Komarow, Arnold. <u><a href=\"http:\/\/www.mariarebeccasautter.ch\/\">www.mariarebeccasautter.ch<\/a><\/u><\/p>\n<p><img loading=\"lazy\" decoding=\"async\" class=\"thumb-image loaded alignleft\" src=\"https:\/\/images.squarespace-cdn.com\/content\/v1\/5280b1afe4b0213a91552475\/1613041190318-1MYJZWVQZ46OM8DIISVS\/ke17ZwdGBToddI8pDm48kLkXF2pIyv_F2eUT9F60jBl7gQa3H78H3Y0txjaiv_0fDoOvxcdMmMKkDsyUqMSsMWxHk725yiiHCCLfrh8O1z4YTzHvnKhyp6Da-NYroOW3ZGjoBKy3azqku80C789l0iyqMbMesKd95J-X4EagrgU9L3Sa3U8cogeb0tjXbfawd0urKshkc5MgdBeJmALQKw\/IMG_1798.jpg?format=750w\" alt=\"IMG_1798.jpg\" width=\"222\" height=\"148\" data-src=\"https:\/\/images.squarespace-cdn.com\/content\/v1\/5280b1afe4b0213a91552475\/1613041190318-1MYJZWVQZ46OM8DIISVS\/ke17ZwdGBToddI8pDm48kLkXF2pIyv_F2eUT9F60jBl7gQa3H78H3Y0txjaiv_0fDoOvxcdMmMKkDsyUqMSsMWxHk725yiiHCCLfrh8O1z4YTzHvnKhyp6Da-NYroOW3ZGjoBKy3azqku80C789l0iyqMbMesKd95J-X4EagrgU9L3Sa3U8cogeb0tjXbfawd0urKshkc5MgdBeJmALQKw\/IMG_1798.jpg\" data-image=\"https:\/\/images.squarespace-cdn.com\/content\/v1\/5280b1afe4b0213a91552475\/1613041190318-1MYJZWVQZ46OM8DIISVS\/ke17ZwdGBToddI8pDm48kLkXF2pIyv_F2eUT9F60jBl7gQa3H78H3Y0txjaiv_0fDoOvxcdMmMKkDsyUqMSsMWxHk725yiiHCCLfrh8O1z4YTzHvnKhyp6Da-NYroOW3ZGjoBKy3azqku80C789l0iyqMbMesKd95J-X4EagrgU9L3Sa3U8cogeb0tjXbfawd0urKshkc5MgdBeJmALQKw\/IMG_1798.jpg\" data-image-dimensions=\"2500x1667\" data-image-focal-point=\"0.5,0.5\" data-load=\"false\" data-image-id=\"60250e17dbbd1927a411522e\" data-type=\"image\" data-parent-ratio=\"1.0\" data-image-resolution=\"750w\" \/><\/p>\n<p><strong>Vera Bommer<\/strong> ist 1982 in Zug geboren und im Tessin aufgewachsen.2007 schloss sie die Schauspielausbildung an der Z\u00fcrcher Hochschule der K\u00fcnste ab und war anschliessend am Nationaltheater Mannheim engagiert. Neben Gastauftritten am Konzert Theater Bern und am Theater Biel\/Solothurn war sie festes Ensemblemitglied am Theater Kanton Z\u00fcrich und zuletzt am Schauspielhaus Graz. 2015 hat sie unter der Regie von Tim Zulauf in Tunis am Theaterfestival Dream City gespielt. In der SRF TV Serie \u201eSeitentriebe\u201c unter der Regie von G\u00fczin Kar ist Vera Bommer als Nele zu sehen. <a href=\"http:\/\/www.verabommer.com\">www.verabommer.com<\/a><u><\/u><\/p>\n<p class=\"western\"><span style=\"color: #0563c1;\"><span style=\"color: #000000;\"><b><a href=\"http:\/\/www.gubcompany.com\/content\/wp-content\/uploads\/2020\/02\/Hansueli-Tru\u0308b-mit-Gabelduscher.png\"><img loading=\"lazy\" decoding=\"async\" class=\"wp-image-2072 alignleft\" src=\"http:\/\/www.gubcompany.com\/content\/wp-content\/uploads\/2020\/02\/Hansueli-Tru\u0308b-mit-Gabelduscher-300x258.png\" alt=\"\" width=\"158\" height=\"136\" srcset=\"http:\/\/www.gubcompany.com\/content\/wp-content\/uploads\/2020\/02\/Hansueli-Tru\u0308b-mit-Gabelduscher-300x258.png 300w, http:\/\/www.gubcompany.com\/content\/wp-content\/uploads\/2020\/02\/Hansueli-Tru\u0308b-mit-Gabelduscher-768x661.png 768w, http:\/\/www.gubcompany.com\/content\/wp-content\/uploads\/2020\/02\/Hansueli-Tru\u0308b-mit-Gabelduscher.png 816w\" sizes=\"auto, (max-width: 158px) 100vw, 158px\" \/><\/a><\/b><\/span><\/span><span style=\"color: #0563c1;\"><span style=\"color: #000000;\"><b>Hansueli Tr\u00fcb<\/b><\/span><\/span><span style=\"color: #0563c1;\"><span style=\"color: #000000;\"> (Lichtdesign\/ Coach Licht- und Schattenspiele). <\/span><\/span>Freischaffender Figuren- und Schattenspieler. Geboren 1951 in St. Gallen. Lehr- und Wanderjahre am St. Galler Puppentheater. Ausbildung zum Sekundarlehrer und vier Jahre Unterricht. Seit 1980 beruflich t\u00e4tig als Figurenspieler, Regisseur, Lichtdesigner, Dozent. Auftritte an internationalen Festivals in Deutschland, \u00d6sterreich, Belgien, den Niederlanden, Bulgarien, Chile und der Schweiz. Mehrfach Regie oder Lichtdesign f\u00fcr Musiktheaterproduktionen von Open Opera in St. Gallen und Regie beim Glarner Madrigalchor sowie Lichtdesign f\u00fcr grosse Landschaftstheaterprojekte mit T-Raumfahrt im Wallis und im Z\u00fcrcher Oberland. Seit 1993 im Aargau wohnhaft. 1999 Gr\u00fcndung und seither k\u00fcnstlerischer Leiter des Fabrikpalasts, Haus f\u00fcr innovatives Figurentheater. Kursleiter und Dozent f\u00fcr Schattenspiel und Figurenbau an Hochschulen und Weiterbildungseinrichtungen im In- und Ausland. 2004 bis 2016 Kultursekret\u00e4r von Wettingen. Hansueli Tr\u00fcb wurde v.a. auch mit seinen eigenwilligen Schattentheaterinszenierungen bekannt, in denen er bildnerisch unkonventionelle Formen und neue Beleuchtungstechniken einsetzt.<\/p>","protected":false},"excerpt":{"rendered":"<p>Spiel- und Arbeitsmaterialien f\u00fcr Schulklassen (PDF) \u00dcber das Entstehen und die Magie von Bilder, Licht und Schatten, Illusion und T\u00e4uschung Eine Produktion von Gubcompany &amp; Cortis&amp;Sonderegger www.ohnetitel.ch \u2013 ab 6 Jahren Urauff\u00fchrung Samstag 15. Mai 2021 im Fabriktheater Rote Fabrik, Z\u00fcrich Was ist richtig? Wenn Bilder pl\u00f6tzlich Kopf stehen? Wenn sie pl\u00f6tzlich unscharf werden? Idee [&hellip;]<\/p>\n","protected":false},"author":4,"featured_media":0,"parent":5,"menu_order":0,"comment_status":"closed","ping_status":"closed","template":"","meta":{"footnotes":""},"class_list":["post-2012","page","type-page","status-publish","hentry"],"_links":{"self":[{"href":"http:\/\/www.gubcompany.com\/content\/index.php?rest_route=\/wp\/v2\/pages\/2012","targetHints":{"allow":["GET"]}}],"collection":[{"href":"http:\/\/www.gubcompany.com\/content\/index.php?rest_route=\/wp\/v2\/pages"}],"about":[{"href":"http:\/\/www.gubcompany.com\/content\/index.php?rest_route=\/wp\/v2\/types\/page"}],"author":[{"embeddable":true,"href":"http:\/\/www.gubcompany.com\/content\/index.php?rest_route=\/wp\/v2\/users\/4"}],"replies":[{"embeddable":true,"href":"http:\/\/www.gubcompany.com\/content\/index.php?rest_route=%2Fwp%2Fv2%2Fcomments&post=2012"}],"version-history":[{"count":123,"href":"http:\/\/www.gubcompany.com\/content\/index.php?rest_route=\/wp\/v2\/pages\/2012\/revisions"}],"predecessor-version":[{"id":2503,"href":"http:\/\/www.gubcompany.com\/content\/index.php?rest_route=\/wp\/v2\/pages\/2012\/revisions\/2503"}],"up":[{"embeddable":true,"href":"http:\/\/www.gubcompany.com\/content\/index.php?rest_route=\/wp\/v2\/pages\/5"}],"wp:attachment":[{"href":"http:\/\/www.gubcompany.com\/content\/index.php?rest_route=%2Fwp%2Fv2%2Fmedia&parent=2012"}],"curies":[{"name":"wp","href":"https:\/\/api.w.org\/{rel}","templated":true}]}}