{"id":81,"date":"2012-06-21T08:49:42","date_gmt":"2012-06-21T06:49:42","guid":{"rendered":"http:\/\/www.gubcompany.com\/content\/?page_id=81"},"modified":"2021-05-17T01:24:17","modified_gmt":"2021-05-16T23:24:17","slug":"livia-13","status":"publish","type":"page","link":"http:\/\/www.gubcompany.com\/content\/?page_id=81","title":{"rendered":"Livia, 13"},"content":{"rendered":"<p>\u00a0<\/p>\n<p><iframe loading=\"lazy\" title=\"LIVIA 13 CLIP\" src=\"https:\/\/player.vimeo.com\/video\/338409033?dnt=1&amp;app_id=122963\" width=\"500\" height=\"281\" frameborder=\"0\" allow=\"autoplay; fullscreen; picture-in-picture; clipboard-write; encrypted-media\"><\/iframe><\/p>\n<hr \/>\n<p><span style=\"font-size: 10pt;\"><strong>GUBCOMPANY<\/strong>, unter der Leitung von Heinz Gubler und Christine Rinderknecht, bearbeitet einen Film f\u00fcr die B\u00fchne. <\/span><span style=\"font-size: 10pt;\">Drei Schauspierinnen und ein Schauspieler erz\u00e4hlen und rekonstruieren eine Geschichte \u00fcber das Heranwachsen in einer \u00fcbermedialisierten Welt. Alkohol und die Sehnsucht nach dem donnernden Leben werden zum Stolperstein f\u00fcr die dreizehnj\u00e4hrige Livia. Nach einer Party kursieren an der Schule verf\u00e4ngliche Fotos von ihr. Bald ist sie die Schlampe, mit der niemand mehr etwas zu tun haben will. Auch langj\u00e4hrige Freundschaften zerbrechen daran. Was hat sich auf dieser Party wirklich abgespielt? Warum hat niemand eingegriffen? Die digitalen Zeugen berichten. Die Rekonstruktion des Geschehenen entl\u00e4dt sich in schnell wechselnden Szenen. Die SchauspielerInnen schl\u00fcpfen in unterschiedlichste Rollen von T\u00e4tern, Opfern und Mitwissern und hauchen dem Tathergang nochmals Leben ein. Eine Livekamera kommentiert und manipuliert das Geschehen auf der Leinwand. Durch die Verschmelzung von Bild, Musik, Text und junger Spielfreude er\u00f6ffnet sich eine interaktive Welt. Der aktuelle Inhalt spiegelt sich in der Form des St\u00fcckes. Ein unverhofftes Happy End vermittelt Mut zu Solidarit\u00e4t und sucht einen Weg aus dem scheinbaren Teufelskreis.<\/span><\/p>\n<p><strong>Spiel: Olivia Stutz, Marisa Rigas, Stefania Bernet, Flavio Dalmolin<\/strong><\/p>\n<p>\u00a0<\/p>\n<p><span style=\"font-size: 14pt;\"><strong>Einladung Gubcompany ans Contemporary Drama Festival in Rostov on Don, Februar 2019, Livia_13 Premiere auf Russisch am Theater 18+.<\/strong><\/span><\/p>\n\n\n<p><strong>16.-18.12. 2015 Einladung an die Tage des Neuen Europ\u00e4ischen Dramas in St. Petersburg.<\/strong><\/p>\n\n\n\n<p>Organisation: Neue B\u00fchne des Alexandrinskij Theaters und die Europ\u00e4ischen Kulturinstitute.<\/p>\n\n\n\n<p>Pr\u00e4sentation einer szenischen Lesung von Livia_13 auf Russisch.<\/p>\n\n\n\n<figure class=\"wp-block-embed-youtube wp-block-embed is-type-video is-provider-youtube wp-embed-aspect-16-9 wp-has-aspect-ratio\"><div class=\"wp-block-embed__wrapper\">\n<iframe loading=\"lazy\" title=\"livia 13\" width=\"500\" height=\"281\" src=\"https:\/\/www.youtube.com\/embed\/aQoHaIXwvv4?feature=oembed\" frameborder=\"0\" allow=\"accelerometer; autoplay; clipboard-write; encrypted-media; gyroscope; picture-in-picture; web-share\" referrerpolicy=\"strict-origin-when-cross-origin\" allowfullscreen><\/iframe>\n<\/div><\/figure>\n\n\n\n<p>Realisation: Michail Patlassow<\/p>\n","protected":false},"excerpt":{"rendered":"<p>\u00a0 GUBCOMPANY, unter der Leitung von Heinz Gubler und Christine Rinderknecht, bearbeitet einen Film f\u00fcr die B\u00fchne. Drei Schauspierinnen und ein Schauspieler erz\u00e4hlen und rekonstruieren eine Geschichte \u00fcber das Heranwachsen in einer \u00fcbermedialisierten Welt. Alkohol und die Sehnsucht nach dem donnernden Leben werden zum Stolperstein f\u00fcr die dreizehnj\u00e4hrige Livia. Nach einer Party kursieren an der [&hellip;]<\/p>\n","protected":false},"author":1,"featured_media":0,"parent":5,"menu_order":6,"comment_status":"open","ping_status":"open","template":"projekte.php","meta":{"footnotes":""},"class_list":["post-81","page","type-page","status-publish","hentry"],"_links":{"self":[{"href":"http:\/\/www.gubcompany.com\/content\/index.php?rest_route=\/wp\/v2\/pages\/81","targetHints":{"allow":["GET"]}}],"collection":[{"href":"http:\/\/www.gubcompany.com\/content\/index.php?rest_route=\/wp\/v2\/pages"}],"about":[{"href":"http:\/\/www.gubcompany.com\/content\/index.php?rest_route=\/wp\/v2\/types\/page"}],"author":[{"embeddable":true,"href":"http:\/\/www.gubcompany.com\/content\/index.php?rest_route=\/wp\/v2\/users\/1"}],"replies":[{"embeddable":true,"href":"http:\/\/www.gubcompany.com\/content\/index.php?rest_route=%2Fwp%2Fv2%2Fcomments&post=81"}],"version-history":[{"count":45,"href":"http:\/\/www.gubcompany.com\/content\/index.php?rest_route=\/wp\/v2\/pages\/81\/revisions"}],"predecessor-version":[{"id":2307,"href":"http:\/\/www.gubcompany.com\/content\/index.php?rest_route=\/wp\/v2\/pages\/81\/revisions\/2307"}],"up":[{"embeddable":true,"href":"http:\/\/www.gubcompany.com\/content\/index.php?rest_route=\/wp\/v2\/pages\/5"}],"wp:attachment":[{"href":"http:\/\/www.gubcompany.com\/content\/index.php?rest_route=%2Fwp%2Fv2%2Fmedia&parent=81"}],"curies":[{"name":"wp","href":"https:\/\/api.w.org\/{rel}","templated":true}]}}