{"id":407,"date":"2012-07-22T07:49:29","date_gmt":"2012-07-22T05:49:29","guid":{"rendered":"http:\/\/www.gubcompany.com\/content\/?page_id=407"},"modified":"2025-03-17T17:47:23","modified_gmt":"2025-03-17T15:47:23","slug":"news","status":"publish","type":"page","link":"https:\/\/www.gubcompany.com\/content\/?page_id=407","title":{"rendered":"AKTUELL"},"content":{"rendered":"<p><strong><span style=\"font-size: 20pt; color: #ff0000;\">GUBCOMPANY IN TAMILNADU, SOUTH INDIA\u00a0 <\/span><\/strong>FEBRUAR 2025<\/p>\n<p><span style=\"font-size: 14pt;\"><strong>Eine Koproduktion mit Cedar India, <a href=\"http:\/\/www.cedarindia.org\">www.cedarindia.org<\/a>. Vom 4.02.-14.02. 2025 hat GUBCOMPANY in Zusammenarbeit mit Cedar India in Kovilpatti und in Madurai zwei Theaterworkshops geleitet f\u00fcr Kinder und Erwachsene. <\/strong><\/span><span style=\"font-size: 12pt;\">Cedar India ist eine Organisation, die in verschiedenen D\u00f6rfern oder Stadtteilen seit gut dreissig Jahren After School Zentren betreibt f\u00fcr Kinder aus armen Familien. In den Zentren geht es nicht nur um schulische Themen, sondern auch um Kunst und Media: Film, Fotografie, Malerei, Theater, storytelling. Professionelle Kunstschaffende unterst\u00fctzen die Kinder bei ihrer kreativen Arbeit, organisieren Ausstellungen, Filmvorf\u00fchrungen, Theater Performances. Diese Arbeit st\u00e4rkt das Selbstbewusstsein der Kinder und erweitert ihre Kompetenzen. F\u00fcr Gubcompany war es eine grosse Freude mit den Kindern und einer Gruppe von Facilitators, 18 Frauen, zu arbeiten und ihre Kreativit\u00e4t, ihre Leidenschaft bei der Arbeit zu erleben.<\/span><\/p>\n<p><span style=\"font-size: 14pt;\"><strong>In einem Folgeprojekt k\u00f6nnte aus den entstandenen Skizzen, eine Performance entstehen, in der wahre Geschichten aus den D\u00f6rfern auf der B\u00fchne gezeigt werden.\u00a0<\/strong><\/span><\/p>\n<p><strong><span style=\"color: #ff0000; font-size: 20pt;\">GUB COMPANY IN TAMILNADU, SOUTH INDIA\u00a0 <\/span><\/strong>FEBRUARY 2025<\/p>\n<p><span style=\"font-size: 14pt;\"><strong>A co-production with Cedar India, www.cedarindia.org. From February 4-14, 2025, GUBCOMPANY, in collaboration with Cedar India, conducted two theater workshops for children and adults in Kovilpatti and Madurai. <\/strong><\/span><span style=\"font-size: 12pt;\">Cedar India is an organization that has been running after-school centers for children from poor families in various villages or neighborhoods for over thirty years. The centers focus not only on academic subjects, but also on art and media: film, photography, painting, theater, and storytelling. Professional artists support the children in their creative work, organizing exhibitions, film screenings, and theater performances. This work strengthens the children&#8217;s self-confidence and expands their skills. For GUBCOMPANY, it was a great pleasure to work with the children and a group of 18 women facilitators and to experience their creativity and passion at work.<\/span><\/p>\n<p><span style=\"font-size: 14pt;\"><strong>In a follow-up project, the resulting sketches could be turned into a performance in which true stories from the villages are presented on stage.<\/strong><\/span><\/p>\n<p><iframe loading=\"lazy\" title=\"T R Y  T O  F L Y\" src=\"https:\/\/player.vimeo.com\/video\/1066618432?dnt=1&amp;app_id=122963\" width=\"500\" height=\"281\" frameborder=\"0\" allow=\"autoplay; fullscreen; picture-in-picture; clipboard-write; encrypted-media\"><\/iframe><\/p>\n<p><a href=\"http:\/\/www.gubcompany.com\/content\/wp-content\/uploads\/2025\/03\/P9-scaled.jpg\"><img loading=\"lazy\" decoding=\"async\" class=\"alignleft wp-image-2544\" src=\"http:\/\/www.gubcompany.com\/content\/wp-content\/uploads\/2025\/03\/P9-300x172.jpg\" alt=\"\" width=\"800\" height=\"458\" srcset=\"https:\/\/www.gubcompany.com\/content\/wp-content\/uploads\/2025\/03\/P9-300x172.jpg 300w, https:\/\/www.gubcompany.com\/content\/wp-content\/uploads\/2025\/03\/P9-1024x587.jpg 1024w, https:\/\/www.gubcompany.com\/content\/wp-content\/uploads\/2025\/03\/P9-768x440.jpg 768w, https:\/\/www.gubcompany.com\/content\/wp-content\/uploads\/2025\/03\/P9-1536x880.jpg 1536w, https:\/\/www.gubcompany.com\/content\/wp-content\/uploads\/2025\/03\/P9-2048x1173.jpg 2048w\" sizes=\"auto, (max-width: 800px) 100vw, 800px\" \/><\/a><\/p>\n<div id=\"tw-target-text-container\" class=\"tw-ta-container tw-nfl\" tabindex=\"0\" role=\"text\">\n<pre id=\"tw-target-text\" class=\"tw-data-text tw-text-large tw-ta\" dir=\"ltr\" data-placeholder=\"Translation\" data-ved=\"2ahUKEwiqv-7GxomMAxWZ_QIHHZh2BXQQ3ewLegQICBAV\" aria-label=\"Translated text: GUBCOMPANY IN TAMILNADU, SOUTH INDIA\n\nFEBRUARY 2025\n\nA co-production with Cedar India, www.cedarindia.org. From February 4-14, 2025, GUBCOMPANY, in collaboration with Cedar India, conducted two theater workshops for children and adults in Kovilpatti and Madurai.\n\nCedar India is an organization that has been running after-school centers for children from poor families in various villages or neighborhoods for over thirty years. The centers focus not only on academic subjects, but also on art and media: film, photography, painting, theater, and storytelling. Professional artists support the children in their creative work, organizing exhibitions, film screenings, and theater performances. This work strengthens the children's self-confidence and expands their skills.\n\nFor Gubcompany, it was a great pleasure to work with the children and a group of 18 women facilitators and to experience their creativity and passion at work.\n\nIn a follow-up project, the resulting sketches could be turned into a performance in which true stories from the villages are presented on stage.\"><span style=\"font-size: 14pt;\"><a href=\"http:\/\/www.gubcompany.com\/content\/wp-content\/uploads\/2025\/03\/P7.jpg\"><img loading=\"lazy\" decoding=\"async\" class=\"alignleft wp-image-2545\" src=\"http:\/\/www.gubcompany.com\/content\/wp-content\/uploads\/2025\/03\/P7-300x280.jpg\" alt=\"\" width=\"800\" height=\"747\" srcset=\"https:\/\/www.gubcompany.com\/content\/wp-content\/uploads\/2025\/03\/P7-300x280.jpg 300w, https:\/\/www.gubcompany.com\/content\/wp-content\/uploads\/2025\/03\/P7-1024x956.jpg 1024w, https:\/\/www.gubcompany.com\/content\/wp-content\/uploads\/2025\/03\/P7-768x717.jpg 768w, https:\/\/www.gubcompany.com\/content\/wp-content\/uploads\/2025\/03\/P7-1536x1434.jpg 1536w, https:\/\/www.gubcompany.com\/content\/wp-content\/uploads\/2025\/03\/P7-2048x1911.jpg 2048w\" sizes=\"auto, (max-width: 800px) 100vw, 800px\" \/><\/a><a href=\"http:\/\/www.gubcompany.com\/content\/wp-content\/uploads\/2025\/03\/NAMEN-scaled.jpg\"><img loading=\"lazy\" decoding=\"async\" class=\"alignleft wp-image-2567\" src=\"http:\/\/www.gubcompany.com\/content\/wp-content\/uploads\/2025\/03\/NAMEN-282x300.jpg\" alt=\"\" width=\"800\" height=\"850\" srcset=\"https:\/\/www.gubcompany.com\/content\/wp-content\/uploads\/2025\/03\/NAMEN-282x300.jpg 282w, https:\/\/www.gubcompany.com\/content\/wp-content\/uploads\/2025\/03\/NAMEN-963x1024.jpg 963w, https:\/\/www.gubcompany.com\/content\/wp-content\/uploads\/2025\/03\/NAMEN-768x816.jpg 768w, https:\/\/www.gubcompany.com\/content\/wp-content\/uploads\/2025\/03\/NAMEN-1445x1536.jpg 1445w, https:\/\/www.gubcompany.com\/content\/wp-content\/uploads\/2025\/03\/NAMEN-1927x2048.jpg 1927w\" sizes=\"auto, (max-width: 800px) 100vw, 800px\" \/><\/a><\/span><a href=\"http:\/\/www.gubcompany.com\/content\/wp-content\/uploads\/2025\/03\/P10.jpg\"><img loading=\"lazy\" decoding=\"async\" class=\"alignleft wp-image-2547\" src=\"http:\/\/www.gubcompany.com\/content\/wp-content\/uploads\/2025\/03\/P10-231x300.jpg\" alt=\"\" width=\"800\" height=\"1037\" srcset=\"https:\/\/www.gubcompany.com\/content\/wp-content\/uploads\/2025\/03\/P10-231x300.jpg 231w, https:\/\/www.gubcompany.com\/content\/wp-content\/uploads\/2025\/03\/P10-790x1024.jpg 790w, https:\/\/www.gubcompany.com\/content\/wp-content\/uploads\/2025\/03\/P10-768x996.jpg 768w, https:\/\/www.gubcompany.com\/content\/wp-content\/uploads\/2025\/03\/P10-1184x1536.jpg 1184w, https:\/\/www.gubcompany.com\/content\/wp-content\/uploads\/2025\/03\/P10-1579x2048.jpg 1579w, https:\/\/www.gubcompany.com\/content\/wp-content\/uploads\/2025\/03\/P10.jpg 1735w\" sizes=\"auto, (max-width: 800px) 100vw, 800px\" \/><\/a><a href=\"http:\/\/www.gubcompany.com\/content\/wp-content\/uploads\/2025\/03\/P2-scaled.jpg\"><img loading=\"lazy\" decoding=\"async\" class=\"alignnone wp-image-2548\" src=\"http:\/\/www.gubcompany.com\/content\/wp-content\/uploads\/2025\/03\/P2-300x217.jpg\" alt=\"\" width=\"800\" height=\"579\" srcset=\"https:\/\/www.gubcompany.com\/content\/wp-content\/uploads\/2025\/03\/P2-300x217.jpg 300w, https:\/\/www.gubcompany.com\/content\/wp-content\/uploads\/2025\/03\/P2-1024x741.jpg 1024w, https:\/\/www.gubcompany.com\/content\/wp-content\/uploads\/2025\/03\/P2-768x556.jpg 768w, https:\/\/www.gubcompany.com\/content\/wp-content\/uploads\/2025\/03\/P2-1536x1111.jpg 1536w, https:\/\/www.gubcompany.com\/content\/wp-content\/uploads\/2025\/03\/P2-2048x1481.jpg 2048w\" sizes=\"auto, (max-width: 800px) 100vw, 800px\" \/><\/a><a href=\"http:\/\/www.gubcompany.com\/content\/wp-content\/uploads\/2025\/03\/P12.jpg\"><img loading=\"lazy\" decoding=\"async\" class=\"alignleft wp-image-2549\" src=\"http:\/\/www.gubcompany.com\/content\/wp-content\/uploads\/2025\/03\/P12-300x295.jpg\" alt=\"\" width=\"800\" height=\"787\" srcset=\"https:\/\/www.gubcompany.com\/content\/wp-content\/uploads\/2025\/03\/P12-300x295.jpg 300w, https:\/\/www.gubcompany.com\/content\/wp-content\/uploads\/2025\/03\/P12-1024x1008.jpg 1024w, https:\/\/www.gubcompany.com\/content\/wp-content\/uploads\/2025\/03\/P12-768x756.jpg 768w, https:\/\/www.gubcompany.com\/content\/wp-content\/uploads\/2025\/03\/P12-1536x1512.jpg 1536w, https:\/\/www.gubcompany.com\/content\/wp-content\/uploads\/2025\/03\/P12-2048x2015.jpg 2048w\" sizes=\"auto, (max-width: 800px) 100vw, 800px\" \/><\/a><\/pre>\n<\/div>\n<p><!--nextpage--><\/p>\n<aside class=\"nav-wrapper\"><\/aside>\n\n\n<p><\/p>\n\n\n\n<p><\/p>\n","protected":false},"excerpt":{"rendered":"<p>GUBCOMPANY IN TAMILNADU, SOUTH INDIA\u00a0 FEBRUAR 2025 Eine Koproduktion mit Cedar India, www.cedarindia.org. Vom 4.02.-14.02. 2025 hat GUBCOMPANY in Zusammenarbeit mit Cedar India in Kovilpatti und in Madurai zwei Theaterworkshops geleitet f\u00fcr Kinder und Erwachsene. Cedar India ist eine Organisation, die in verschiedenen D\u00f6rfern oder Stadtteilen seit gut dreissig Jahren After School Zentren betreibt f\u00fcr [&hellip;]<\/p>\n","protected":false},"author":1,"featured_media":0,"parent":0,"menu_order":11,"comment_status":"closed","ping_status":"open","template":"news.php","meta":{"footnotes":""},"class_list":["post-407","page","type-page","status-publish","hentry"],"_links":{"self":[{"href":"https:\/\/www.gubcompany.com\/content\/index.php?rest_route=\/wp\/v2\/pages\/407","targetHints":{"allow":["GET"]}}],"collection":[{"href":"https:\/\/www.gubcompany.com\/content\/index.php?rest_route=\/wp\/v2\/pages"}],"about":[{"href":"https:\/\/www.gubcompany.com\/content\/index.php?rest_route=\/wp\/v2\/types\/page"}],"author":[{"embeddable":true,"href":"https:\/\/www.gubcompany.com\/content\/index.php?rest_route=\/wp\/v2\/users\/1"}],"replies":[{"embeddable":true,"href":"https:\/\/www.gubcompany.com\/content\/index.php?rest_route=%2Fwp%2Fv2%2Fcomments&post=407"}],"version-history":[{"count":186,"href":"https:\/\/www.gubcompany.com\/content\/index.php?rest_route=\/wp\/v2\/pages\/407\/revisions"}],"predecessor-version":[{"id":2683,"href":"https:\/\/www.gubcompany.com\/content\/index.php?rest_route=\/wp\/v2\/pages\/407\/revisions\/2683"}],"wp:attachment":[{"href":"https:\/\/www.gubcompany.com\/content\/index.php?rest_route=%2Fwp%2Fv2%2Fmedia&parent=407"}],"curies":[{"name":"wp","href":"https:\/\/api.w.org\/{rel}","templated":true}]}}